{"id":1550,"date":"2017-04-26T11:35:08","date_gmt":"2017-04-26T08:35:08","guid":{"rendered":"http:\/\/www.termolux.ee\/esg-politiikka\/"},"modified":"2017-04-27T09:26:42","modified_gmt":"2017-04-27T06:26:42","slug":"esg-politiikka","status":"publish","type":"page","link":"https:\/\/www.termolux.ee\/fi\/yritys\/esg-politiikka\/","title":{"rendered":"ESG-politiikka"},"content":{"rendered":"<h1>ESG-politiikka<\/h1>\n<p>Yritys on osoittaakseen sitoutumisensa yhteisty\u00f6h\u00f6n sijoittajien ja niiden yhteis\u00f6jen kanssa, joiden kanssa Termo Teknik on tekemisiss\u00e4, ottanut k\u00e4ytt\u00f6\u00f6n Bregalin vastuullisen sijoitustoiminnan politiikan.<\/p>\n<p><strong>Mit\u00e4 ESG-politiikka tarkoittaa?<\/strong><\/p>\n<ul>\n<li>Vastuullinen sijoitustoiminta tarkoittaa ajatusmallia, jonka mukaan ymp\u00e4rist\u00f6\u00f6n liittyv\u00e4t, sosiaaliset ja yritystoiminnan johtamiseen liittyv\u00e4t asiat (Environmental, Social and Governance eli ESG) vaikuttavat v\u00e4litt\u00f6m\u00e4sti yritysten liiketoiminnan tuloksellisuuteen.<\/li>\n<li>Yritykset muokkaavat vastuullisen sijoitustoiminnan politiikan avulla liiketoimintansa ja strategiansa vastaamaan kymment\u00e4 yleisesti hyv\u00e4ksytty\u00e4 ihmisoikeuksia, ty\u00f6voimaa, ymp\u00e4rist\u00f6asioista ja korruption torjuntaa k\u00e4sittelev\u00e4\u00e4 periaatetta.<\/li>\n<li>Jokainen Bregal-yhtym\u00e4\u00e4n liittynyt yritys on kehitt\u00e4nyt omien erityistarpeiden mukaisen ESG-politiikan.<\/li>\n<li>Bregal rohkaisee kaikkia yhtym\u00e4\u00e4n liittyneit\u00e4 yrityksi\u00e4 pyrkim\u00e4\u00e4n kest\u00e4v\u00e4\u00e4n ja jatkuvaan kehittymiseen, joka ei rajoittuisi pelk\u00e4st\u00e4\u00e4n vaatimusten noudattamiseen, vaan kohdistuisi teollisuusalan parhaiden k\u00e4yt\u00e4nt\u00f6jen saavuttamiseen.<\/li>\n<li>Termo Teknik on sitoutunut Bregalin ESG-politiikan pohjalta jatkuvaan kehittymiseen ja yll\u00e4pit\u00e4m\u00e4\u00e4n hyvi\u00e4 suhteita henkil\u00f6ihin ja ymp\u00e4rist\u00f6ihin, joihin yrityksen liiketoiminta vaikuttaa.<\/li>\n<\/ul>\n<p>Me olemme saattaneet voimaan yrityksen sosiaalisen vastuun politiikan, josta olemme laatineet alla olevan yhteenvedon ja jossa olemme m\u00e4\u00e4ritelleet omat velvollisuutemme suhteissa kaikkiin sijoittajiin ja yhteis\u00f6ihin, joiden sis\u00e4ll\u00e4 toimimme.<\/p>\n<p><strong>Yhteenveto politiikasta ja tavoitteet<\/strong><\/p>\n<p>Termo Teknik ymm\u00e4rt\u00e4\u00e4, ett\u00e4 liiketoiminnalliset arvot ja toimintaan kohdistuneet odotukset l\u00e4htev\u00e4t yritykseen liittyvien tahojen, mm. asiakkaiden, henkil\u00f6kunnan, lains\u00e4\u00e4t\u00e4jien, sijoittajien, toimittajien, yhteis\u00f6n ja ymp\u00e4rist\u00f6n arvoista ja odotuksista.<\/p>\n<p>Kunnioitamme suhteissa sidottuihin osapuoliin meille t\u00e4rkeit\u00e4 arvoja, mm. rehellisyytt\u00e4, aitoa kumppanuutta ja oikeudenmukaisuutta.<\/p>\n<ul>\n<li><strong>Politiikan kattavuus<br \/>\n<\/strong>Tarkastelemme liiketoimintaa kokonaisuutena, ymm\u00e4rr\u00e4mme, ett\u00e4 meid\u00e4n sosiaalinen, taloudellinen ja ymp\u00e4rist\u00f6\u00f6n liittyv\u00e4 vastuu sidottuihin osapuoliin n\u00e4hden on menestymisen t\u00e4rke\u00e4 edellytys. Meid\u00e4n tavoitteena on osoittaa vastuumme kaikessa toiminnassa ja yrityksen sis\u00e4isiss\u00e4 s\u00e4\u00e4nn\u00f6iss\u00e4.<\/li>\n<li><strong>Ymp\u00e4rist\u00f6<br \/>\n<\/strong>Me sitoudumme parantamaan ymp\u00e4rist\u00f6toimintaamme tuloksellisuutta yrityksen sis\u00e4isen ymp\u00e4rist\u00f6politiikan toteuttamisen ja ISO 14001 standardin noudattamisen kautta.<\/li>\n<li><strong>Ty\u00f6turvallisuus, &amp; ty\u00f6terveydenhuolto<br \/>\n<\/strong>Sitoudumme varmistamaan tuloksellisen liiketoiminnan ohella my\u00f6s tehokkaan riskien poistamisen ja ohjaamisen. Me luomme henkil\u00f6kunnalle puhtaan, terveellisen ja turvallisen toimintaymp\u00e4rist\u00f6n ja yll\u00e4pid\u00e4mme sit\u00e4, jotta oma henkil\u00f6kuntamme voisi omaksua terveellisen el\u00e4m\u00e4ntavan.<\/li>\n<li><strong>Yhteis\u00f6<br \/>\n<\/strong>Me edist\u00e4mme vuoropuhelua toimintapisteiden kunnanhallitusten kanssa, josta on hy\u00f6ty\u00e4 molemmille osapuolille. Me ohjaamme ja rohkaisemme omia ty\u00f6ntekij\u00f6it\u00e4 panostamaan paikallisiin tapahtumiin ja toimintaan tapahtumiin toimipisteiden alueilla.<\/li>\n<li><strong>Reklamaatiot<br \/>\n<\/strong>Rekister\u00f6imme ja selvit\u00e4mme asiakasreklamaatio meid\u00e4n julkisten palvelustandardien m\u00e4\u00e4rittelem\u00e4ss\u00e4 j\u00e4rjestyksess\u00e4.<\/li>\n<li><strong>Tasapuoliset mahdollisuudet<br \/>\n<\/strong>Me sovellamme tasapuolisten mahdollisuuksien tarjoamisen politiikkaa kaikkiin nykyisiin ja tuleviin ty\u00f6ntekij\u00f6ihin. Arvostamme monipuolisen ty\u00f6voiman etuja ja tuemme aktiivisesti monipuolisuutta yhten\u00e4 keskeisist\u00e4 arvoista.<\/li>\n<li><strong>Ehdot<br \/>\n<\/strong>Me tarjoamme ty\u00f6ntekij\u00f6illemme selkeit\u00e4 ja oikeudenmukaisia ty\u00f6sopimuksen ehtoja ja varmistamme heille resurssit, joita he tarvitsevat ty\u00f6ss\u00e4\u00e4n jatkuvasti kehittymiseen. Me noudatamme selke\u00e4\u00e4 ja oikeudenmukaista palkkapolitiikkaa ja j\u00e4rjest\u00e4mme forumeita ty\u00f6ntekij\u00f6iden kanssa neuvottelemiseen ja heid\u00e4n sitouttamiseen yrityksen p\u00e4ivitt\u00e4iseen toimintaan, jotta yrityksess\u00e4 syntyisi hyv\u00e4 yhteishenki.<\/li>\n<li><strong>Arvokkuus ty\u00f6ss\u00e4<br \/>\n<\/strong>Me sovellamme toimenpiteit\u00e4, joilla varmistamme kaikkien ty\u00f6ntekij\u00f6iden kunnioittavan kohtelun ja ennakoimme kaikenlaista seksuaalista, fyysist\u00e4 tai henkist\u00e4 hyv\u00e4ksik\u00e4ytt\u00f6\u00e4.<\/li>\n<li><strong>Uudelleenj\u00e4rjest\u00e4minen<br \/>\n<\/strong>Me rakennamme sosiaalisesti vastuullisia uudelleenj\u00e4rjest\u00e4mistoimenpiteit\u00e4, jotka varmistavat ty\u00f6rauhan mahdollisimman v\u00e4h\u00e4isen h\u00e4iri\u00f6n ja arvokkuudentunteen s\u00e4ilymisen.<\/li>\n<li><strong>Eettinen kaupank\u00e4ynti<br \/>\n<\/strong>Meid\u00e4n sopimuksissa s\u00e4\u00e4det\u00e4\u00e4n selke\u00e4sti sovitusta ehdoista ja kumppanuuden perusteista. Me toimimme tavalla, joka suojaa kaikkia osapuolia ep\u00e4rehellisilt\u00e4 liiketoimilta.<\/li>\n<\/ul>\n<p>Meid\u00e4n erityisin\u00e4 prioriteetteina ja kehityksen painopistein\u00e4 ovat kehityksen varmistamisessa ovat t\u00e4rkeit\u00e4:<\/p>\n<ul>\n<li>Energias\u00e4\u00e4st\u00f6ohjelman kehitt\u00e4minen ja k\u00e4yt\u00e4nt\u00f6\u00f6n soveltaminen;<\/li>\n<li>Toiminnan aikana syntyvien j\u00e4tteiden, mm. j\u00e4\u00e4mien ymp\u00e4rist\u00f6vaikutusten minimointi;<\/li>\n<li>Meid\u00e4n erinomaisen arvion yll\u00e4pit\u00e4minen standardin ISO \/OHSAS\/ 180001 (Ty\u00f6terveys- ja ty\u00f6turvallisuusjohtaminen) mukaisesti;<\/li>\n<li>Oman ISO 14001 (ymp\u00e4rist\u00f6johtaminen) sertifikaatin s\u00e4ilytt\u00e4minen;<\/li>\n<li>Standardin ISO 50001 (energiajohtaminen) soveltaminen ja asianmukaisen sertifikaatin hankkiminen;<\/li>\n<li>Suunnitelmien laatiminen ja toteuttaminen, jolla parannetaan Termo Teknikin sulautumista paikallisiin yhteis\u00f6ihin ja tuetaan paikallisia aloitteita;<\/li>\n<li>Korruptiota torjuvan ja eettisen kaupank\u00e4ynnin mukaisen politiikan esittely ja toteuttaminen kaikissa yrityksen yksik\u00f6iss\u00e4.<\/li>\n<\/ul>\n","protected":false},"excerpt":{"rendered":"<p>ESG-politiikka Yritys on osoittaakseen sitoutumisensa yhteisty\u00f6h\u00f6n sijoittajien ja niiden yhteis\u00f6jen kanssa, joiden kanssa Termo Teknik on tekemisiss\u00e4, ottanut k\u00e4ytt\u00f6\u00f6n Bregalin vastuullisen sijoitustoiminnan politiikan. Mit\u00e4 ESG-politiikka tarkoittaa? Vastuullinen sijoitustoiminta tarkoittaa ajatusmallia, jonka mukaan ymp\u00e4rist\u00f6\u00f6n liittyv\u00e4t, sosiaaliset ja yritystoiminnan johtamiseen liittyv\u00e4t asiat (Environmental, Social and Governance eli ESG) vaikuttavat v\u00e4litt\u00f6m\u00e4sti yritysten liiketoiminnan tuloksellisuuteen. Yritykset muokkaavat vastuullisen sijoitustoiminnan [&hellip;]<\/p>\n","protected":false},"author":3,"featured_media":0,"parent":1554,"menu_order":3,"comment_status":"closed","ping_status":"closed","template":"","meta":{"_acf_changed":false,"footnotes":""},"acf":[],"yoast_head":"<!-- This site is optimized with the Yoast SEO plugin v22.0 - https:\/\/yoast.com\/wordpress\/plugins\/seo\/ -->\n<title>ESG-politiikka - Termolux<\/title>\n<meta name=\"robots\" content=\"index, follow, max-snippet:-1, max-image-preview:large, max-video-preview:-1\" \/>\n<link rel=\"canonical\" href=\"https:\/\/www.termolux.ee\/fi\/yritys\/esg-politiikka\/\" \/>\n<meta property=\"og:locale\" content=\"fi_FI\" \/>\n<meta property=\"og:type\" content=\"article\" \/>\n<meta property=\"og:title\" content=\"ESG-politiikka - Termolux\" \/>\n<meta property=\"og:description\" content=\"ESG-politiikka Yritys on osoittaakseen sitoutumisensa yhteisty\u00f6h\u00f6n sijoittajien ja niiden yhteis\u00f6jen kanssa, joiden kanssa Termo Teknik on tekemisiss\u00e4, ottanut k\u00e4ytt\u00f6\u00f6n Bregalin vastuullisen sijoitustoiminnan politiikan. Mit\u00e4 ESG-politiikka tarkoittaa? Vastuullinen sijoitustoiminta tarkoittaa ajatusmallia, jonka mukaan ymp\u00e4rist\u00f6\u00f6n liittyv\u00e4t, sosiaaliset ja yritystoiminnan johtamiseen liittyv\u00e4t asiat (Environmental, Social and Governance eli ESG) vaikuttavat v\u00e4litt\u00f6m\u00e4sti yritysten liiketoiminnan tuloksellisuuteen. Yritykset muokkaavat vastuullisen sijoitustoiminnan [&hellip;]\" \/>\n<meta property=\"og:url\" content=\"https:\/\/www.termolux.ee\/fi\/yritys\/esg-politiikka\/\" \/>\n<meta property=\"og:site_name\" content=\"Termolux\" \/>\n<meta property=\"article:modified_time\" content=\"2017-04-27T06:26:42+00:00\" \/>\n<meta name=\"twitter:card\" content=\"summary_large_image\" \/>\n<meta name=\"twitter:label1\" content=\"Est. reading time\" \/>\n\t<meta name=\"twitter:data1\" content=\"3 minutes\" \/>\n<script type=\"application\/ld+json\" class=\"yoast-schema-graph\">{\"@context\":\"https:\/\/schema.org\",\"@graph\":[{\"@type\":\"WebPage\",\"@id\":\"https:\/\/www.termolux.ee\/fi\/yritys\/esg-politiikka\/\",\"url\":\"https:\/\/www.termolux.ee\/fi\/yritys\/esg-politiikka\/\",\"name\":\"ESG-politiikka - Termolux\",\"isPartOf\":{\"@id\":\"https:\/\/www.termolux.ee\/en\/#website\"},\"datePublished\":\"2017-04-26T08:35:08+00:00\",\"dateModified\":\"2017-04-27T06:26:42+00:00\",\"breadcrumb\":{\"@id\":\"https:\/\/www.termolux.ee\/fi\/yritys\/esg-politiikka\/#breadcrumb\"},\"inLanguage\":\"fi-FI\",\"potentialAction\":[{\"@type\":\"ReadAction\",\"target\":[\"https:\/\/www.termolux.ee\/fi\/yritys\/esg-politiikka\/\"]}]},{\"@type\":\"BreadcrumbList\",\"@id\":\"https:\/\/www.termolux.ee\/fi\/yritys\/esg-politiikka\/#breadcrumb\",\"itemListElement\":[{\"@type\":\"ListItem\",\"position\":1,\"name\":\"Home\",\"item\":\"https:\/\/www.termolux.ee\/fi\/\"},{\"@type\":\"ListItem\",\"position\":2,\"name\":\"Yritys\",\"item\":\"https:\/\/www.termolux.ee\/fi\/yritys\/\"},{\"@type\":\"ListItem\",\"position\":3,\"name\":\"ESG-politiikka\"}]},{\"@type\":\"WebSite\",\"@id\":\"https:\/\/www.termolux.ee\/en\/#website\",\"url\":\"https:\/\/www.termolux.ee\/en\/\",\"name\":\"Termolux\",\"description\":\"Just another WordPress site\",\"potentialAction\":[{\"@type\":\"SearchAction\",\"target\":{\"@type\":\"EntryPoint\",\"urlTemplate\":\"https:\/\/www.termolux.ee\/en\/?s={search_term_string}\"},\"query-input\":\"required name=search_term_string\"}],\"inLanguage\":\"fi-FI\"}]}<\/script>\n<!-- \/ Yoast SEO plugin. -->","yoast_head_json":{"title":"ESG-politiikka - Termolux","robots":{"index":"index","follow":"follow","max-snippet":"max-snippet:-1","max-image-preview":"max-image-preview:large","max-video-preview":"max-video-preview:-1"},"canonical":"https:\/\/www.termolux.ee\/fi\/yritys\/esg-politiikka\/","og_locale":"fi_FI","og_type":"article","og_title":"ESG-politiikka - Termolux","og_description":"ESG-politiikka Yritys on osoittaakseen sitoutumisensa yhteisty\u00f6h\u00f6n sijoittajien ja niiden yhteis\u00f6jen kanssa, joiden kanssa Termo Teknik on tekemisiss\u00e4, ottanut k\u00e4ytt\u00f6\u00f6n Bregalin vastuullisen sijoitustoiminnan politiikan. Mit\u00e4 ESG-politiikka tarkoittaa? Vastuullinen sijoitustoiminta tarkoittaa ajatusmallia, jonka mukaan ymp\u00e4rist\u00f6\u00f6n liittyv\u00e4t, sosiaaliset ja yritystoiminnan johtamiseen liittyv\u00e4t asiat (Environmental, Social and Governance eli ESG) vaikuttavat v\u00e4litt\u00f6m\u00e4sti yritysten liiketoiminnan tuloksellisuuteen. Yritykset muokkaavat vastuullisen sijoitustoiminnan [&hellip;]","og_url":"https:\/\/www.termolux.ee\/fi\/yritys\/esg-politiikka\/","og_site_name":"Termolux","article_modified_time":"2017-04-27T06:26:42+00:00","twitter_card":"summary_large_image","twitter_misc":{"Est. reading time":"3 minutes"},"schema":{"@context":"https:\/\/schema.org","@graph":[{"@type":"WebPage","@id":"https:\/\/www.termolux.ee\/fi\/yritys\/esg-politiikka\/","url":"https:\/\/www.termolux.ee\/fi\/yritys\/esg-politiikka\/","name":"ESG-politiikka - Termolux","isPartOf":{"@id":"https:\/\/www.termolux.ee\/en\/#website"},"datePublished":"2017-04-26T08:35:08+00:00","dateModified":"2017-04-27T06:26:42+00:00","breadcrumb":{"@id":"https:\/\/www.termolux.ee\/fi\/yritys\/esg-politiikka\/#breadcrumb"},"inLanguage":"fi-FI","potentialAction":[{"@type":"ReadAction","target":["https:\/\/www.termolux.ee\/fi\/yritys\/esg-politiikka\/"]}]},{"@type":"BreadcrumbList","@id":"https:\/\/www.termolux.ee\/fi\/yritys\/esg-politiikka\/#breadcrumb","itemListElement":[{"@type":"ListItem","position":1,"name":"Home","item":"https:\/\/www.termolux.ee\/fi\/"},{"@type":"ListItem","position":2,"name":"Yritys","item":"https:\/\/www.termolux.ee\/fi\/yritys\/"},{"@type":"ListItem","position":3,"name":"ESG-politiikka"}]},{"@type":"WebSite","@id":"https:\/\/www.termolux.ee\/en\/#website","url":"https:\/\/www.termolux.ee\/en\/","name":"Termolux","description":"Just another WordPress site","potentialAction":[{"@type":"SearchAction","target":{"@type":"EntryPoint","urlTemplate":"https:\/\/www.termolux.ee\/en\/?s={search_term_string}"},"query-input":"required name=search_term_string"}],"inLanguage":"fi-FI"}]}},"_links":{"self":[{"href":"https:\/\/www.termolux.ee\/fi\/wp-json\/wp\/v2\/pages\/1550"}],"collection":[{"href":"https:\/\/www.termolux.ee\/fi\/wp-json\/wp\/v2\/pages"}],"about":[{"href":"https:\/\/www.termolux.ee\/fi\/wp-json\/wp\/v2\/types\/page"}],"author":[{"embeddable":true,"href":"https:\/\/www.termolux.ee\/fi\/wp-json\/wp\/v2\/users\/3"}],"replies":[{"embeddable":true,"href":"https:\/\/www.termolux.ee\/fi\/wp-json\/wp\/v2\/comments?post=1550"}],"version-history":[{"count":3,"href":"https:\/\/www.termolux.ee\/fi\/wp-json\/wp\/v2\/pages\/1550\/revisions"}],"predecessor-version":[{"id":1660,"href":"https:\/\/www.termolux.ee\/fi\/wp-json\/wp\/v2\/pages\/1550\/revisions\/1660"}],"up":[{"embeddable":true,"href":"https:\/\/www.termolux.ee\/fi\/wp-json\/wp\/v2\/pages\/1554"}],"wp:attachment":[{"href":"https:\/\/www.termolux.ee\/fi\/wp-json\/wp\/v2\/media?parent=1550"}],"curies":[{"name":"wp","href":"https:\/\/api.w.org\/{rel}","templated":true}]}}