{"id":1558,"date":"2017-04-26T11:36:47","date_gmt":"2017-04-26T08:36:47","guid":{"rendered":"http:\/\/www.termolux.ee\/yritys\/takuu\/"},"modified":"2023-10-04T10:33:34","modified_gmt":"2023-10-04T07:33:34","slug":"takuu","status":"publish","type":"page","link":"https:\/\/www.termolux.ee\/fi\/yritys\/takuu\/","title":{"rendered":"Takuu"},"content":{"rendered":"<h1><span lang=\"LV\">Yleiset takuuehdot<\/span><\/h1>\n<p><span lang=\"LV\">Myymiimme radiaattoreihin p\u00e4tev\u00e4t seuraavat takuuehdot.<\/span><\/p>\n<ul>\n<li><span lang=\"LV\">paneeliradiaattorit: 10 vuoden takuu;<\/span><\/li>\n<li><span lang=\"LV\">kromatut pyyhekuivaimet: 3 vuoden takuu;<\/span><\/li>\n<li><span lang=\"LV\">maalatut pyyhekuivaimet: 5 vuoden takuu<\/span><\/li>\n<\/ul>\n<p>Takuu alkaa laskun p\u00e4iv\u00e4m\u00e4\u00e4r\u00e4st\u00e4 ja kattaa seuraavat asiat:<\/p>\n<p><span lang=\"LV\">Valmistusvirheiden aiheuttamat vuodot. Jos vuodon on aiheuttanut v\u00e4\u00e4r\u00e4 asennus ja\/tai riitt\u00e4m\u00e4t\u00f6n huolto ja\/tai v\u00e4\u00e4r\u00e4 k\u00e4ytt\u00f6, takuu raukeaa. Takuu ei kata my\u00f6sk\u00e4\u00e4n vuotoja ilmaustulpan, tiivistetuplan, venttiilien ja\/tai yhteiden kohdalla;<\/span><\/p>\n<p><span lang=\"LV\">Ruosteen muodostuminen radiaattorin maalattuihin pintoihin \u2013 paitsi jos radiaattori on asennettu kosteaan tilaan ja\/tai aggressiiviseen ymp\u00e4rist\u00f6\u00f6n. Takuu ei kata my\u00f6sk\u00e4\u00e4n radiaattoreita, joiden l\u00e4ht\u00f6l\u00e4mp\u00f6tila on yli 95 \u00b0C, eik\u00e4 radiaattoreiden maalipinnan vaurioita v\u00e4\u00e4r\u00e4nasennuksen ja\/tai v\u00e4\u00e4r\u00e4n huollon ja\/tai v\u00e4\u00e4r\u00e4n k\u00e4yt\u00f6n seurauksena.<\/span><span lang=\"LV\">\u00a0<\/span><\/p>\n<p><strong><span lang=\"LV\">Lis\u00e4tarvikkeet:<\/span><\/strong><span lang=\"LV\"> vuoden takuu alkaa laskun p\u00e4iv\u00e4m\u00e4\u00e4r\u00e4st\u00e4 ja kattaa seuraavat asiat:<\/span><\/p>\n<p><span lang=\"LV\u201d&gt;V&lt;\/span&gt;&lt;span lang=\">almistusvirheest\u00e4 johtuvat toimintah\u00e4iri\u00f6t. Lis\u00e4tarvikkeita ovat ilmaustulpat, tiivistetulpat, venttiilit, v\u00e4liputket, peilit, s\u00e4hk\u00f6k\u00e4ytt\u00f6iset osat, ritil\u00e4t, sivupaneelit, etupaneelit jne. Takuun puitteissa ei korvata takuuaikana tai sen j\u00e4lkeen kokoamisen johdosta syntyneit\u00e4 toimintah\u00e4iri\u00f6t\u00e4 eik\u00e4 vaurioita, joiden syyn\u00e4 on v\u00e4\u00e4r\u00e4 asennus ja\/tai v\u00e4\u00e4r\u00e4 k\u00e4ytt\u00f6 ja\/tai v\u00e4\u00e4r\u00e4 huolto;<\/span><\/p>\n<p><span lang=\"LV\">Yrityksen Termo Teknik lis\u00e4tarvikkeiden takuu raukeaa, jos tuote yhdistet\u00e4\u00e4n tai sit\u00e4 k\u00e4ytet\u00e4\u00e4n yhdess\u00e4 tuotteiden kanssa, joita valmistaja ei ole myynyt;<\/span><\/p>\n<p><span lang=\"LV\">Takuu raukeaa, jos tuotetta k\u00e4ytet\u00e4\u00e4n tavalla tai k\u00e4ytt\u00f6tarkoitukseen tai paikassa, jota valmistaja ei ole hyv\u00e4ksynyt.<\/span><\/p>\n<p><span lang=\"LV\">Asennuksessa ja\/tai k\u00e4yt\u00f6ss\u00e4 on em. ehdoista riippumatta noudatettava huolellisesti my\u00f6s seuraavia vaatimuksia:<\/span><\/p>\n<p><span lang=\"LV\">Maksimipaine 10 bar, veden maksimil\u00e4mp\u00f6tila 95 \u00b0C;<\/span><\/p>\n<p><span lang=\"LV\">Radiaattorin saa asentaa vain ammattilainen (NBN D 30-100, VDI 2035, BS 5449, DTU 65);<\/span><\/p>\n<p><span lang=\"LV\">E<\/span><span lang=\"LV\">nnen l\u00e4mmitysj\u00e4rjestelm\u00e4n (putkisto, radiaattorit jne.) k\u00e4ytt\u00f6\u00f6nottoa on se puhdistettava monik\u00e4ytt\u00f6isell\u00e4 puhdistusaineella. Sen j\u00e4lkeen t\u00e4ytet\u00e4\u00e4n j\u00e4rjestelm\u00e4 vedell\u00e4, johon on lis\u00e4tty inhibiittoria, joka est\u00e4\u00e4 putkistossa ruosteen, sakan yms. muodostumisen;<\/span><\/p>\n<p><span lang=\"LV\">K<\/span><span lang=\"LV\">aikki muoviset tiivistetulpat irrotetaan radiaattoreiden yhteist\u00e4 ja vaihdetaan metallisiin (Termo Teknik) tiivistetulppiin sek\u00e4 s\u00e4\u00e4t\u00f6- ja paluuventtiileihin;<\/span><\/p>\n<p><span lang=\"LV\">L\u00e4mmitysj\u00e4rjestelm\u00e4n t\u00e4ytt\u00e4misen aikana ja sen j\u00e4lkeen tarkistetaan kaikkien radiaattoreiden tiivisteiden (venttiilit, ilmaustulpat, tiivistetulpat jne.) sek\u00e4 radiaattoreiden ja muiden l\u00e4mmitysj\u00e4rjestelm\u00e4n osien v\u00e4listeiden yhteiden toimivuutta ja vesitiiviytt\u00e4;<\/span><\/p>\n<p><span lang=\"LV\">Asennuksessa on k\u00e4ytett\u00e4v\u00e4 kaikkia kannattimia ja muita asennustarvikkeita, jotka toimitetaan radiaattorin mukana (tulpat, ruuvit, tukilevyt jne.);<\/span><\/p>\n<p><span lang=\"LV\">Radiaattorin asennussein\u00e4n on oltava riitt\u00e4v\u00e4n lujatekoinen;<\/span><\/p>\n<p><span lang=\"LV\">L\u00e4mmitysj\u00e4rjestelm\u00e4n t\u00e4yt\u00f6n j\u00e4lkeen on radiaattori ilmaustulppien kautta kunnossa ilmattava, jokainen radiaattori erikseen. Radiaattoreissa ei saa olla ja siihen ei saa joutua ilmaa. L\u00e4mmitysj\u00e4rjestelm\u00e4n on oltava suljettu j\u00e4rjestelm\u00e4, johon ilma ei p\u00e4\u00e4se;<\/span><\/p>\n<p><span lang=\"LV\">Radiaattoreita ei saa puhdistaa liuottimia, happoja tai muita sy\u00f6pyvi\u00e4 aineita sis\u00e4lt\u00e4vill\u00e4 aineilla tai v\u00e4lineill\u00e4;<\/span><\/p>\n<p><span lang=\"LV\">Radiaattorin maalipinta ei saa joutua kosketuksiin keraamisten kosteuttajien tai muiden m\u00e4rkien tai vett\u00e4 l\u00e4p\u00e4isevien materiaalien tai elementtien kanssa;<\/span><\/p>\n<p><span lang=\"LV\">KJos radiaattorissa havaitaan toimitushetken\u00e4 vaurioita, on siit\u00e4 ilmoitettava v\u00e4litt\u00f6m\u00e4sti valmistajalle (kahdeksan p\u00e4iv\u00e4n sis\u00e4ll\u00e4) siihen s\u00e4\u00e4detty\u00e4 j\u00e4rjestyst\u00e4 noudattaen (kts. kappale 7);<\/span><\/p>\n<p><span lang=\"LV\">Radiaattoreita voi k\u00e4ytt\u00e4\u00e4 vain l\u00e4mp\u00f6\u00e4 s\u00e4teilev\u00e4n\u00e4 ja l\u00e4mp\u00f6\u00e4 johtavina l\u00e4mmityslaitteina;<\/span><\/p>\n<p><span lang=\"LV\">(pyyhekuivan)radiaattoreita ei saa k\u00e4ytt\u00e4\u00e4 tukilaitteena tai kiipe\u00e4miseen (turvallisuussyist\u00e4);<\/span><\/p>\n<p><span lang=\"LV\">Radiaattorin rakennetta ei saa muuttaa ilman valmistajan etuk\u00e4teen antamaa kirjallista suostumusta. Tuotteen muokkaaminen ei ole sallittua.<\/span><span lang=\"LV\">\u00a0<\/span><\/p>\n<p><span lang=\"LV\">Valmistaja ei vastaa yhdess\u00e4k\u00e4\u00e4n tapauksessa v\u00e4\u00e4r\u00e4n asennuksen tai asennusvirheiden seurauksista.<\/span><\/p>\n<p><span lang=\"LV\">T\u00e4ss\u00e4 muutamia asennusta ja huoltoa koskevia vinkkej\u00e4, jotka auttavat pident\u00e4m\u00e4\u00e4n radiaattorin k\u00e4ytt\u00f6ik\u00e4\u00e4:<\/span><\/p>\n<p><span lang=\"LV\">Radiaattoreiden k\u00e4sittelyss\u00e4\/kuljettamisessa tulee olla hyvin varovainen. Radiaattoreita ei saa vet\u00e4\u00e4 maata pitkin. Radiaattorit kuljetetaan pystyasennossa \u2013 se on erityisen t\u00e4rke\u00e4\u00e4 pitkien radiaattoreiden kohdalla, jotta ne eiv\u00e4t taipuisi. Radiaattorin kulmiin ei saa kuljetuksen aikana asettaa mit\u00e4\u00e4n kuormia.<\/span><\/p>\n<p>Maalipintaan syntyneiss\u00e4 naarmuissa tai muissa vaurioissa saattaa ajan mittaan muodostua ruostetta;<\/p>\n<p><span lang=\"LV\">Radiaattoreita on huollettava perusteellisesti v\u00e4hint\u00e4\u00e4n kerran vuodessa. Tarkista radiaattorin toiminta ja elementtien sek\u00e4 yhteyden vuotovarmuus;<\/span><\/p>\n<p><span lang=\"LV\">Radiaattori on k\u00e4ytt\u00f6\u00f6noton j\u00e4lkeen t\u00e4ytett\u00e4v\u00e4 vedell\u00e4. Se est\u00e4\u00e4 radiaattoreiden sis\u00e4pinnan altistumisen ilmalle ja sen aiheuttamalle korroosion muodostumiselle;<\/span><\/p>\n<p><span lang=\"LV\">Radiaattoreita ei saa s\u00e4ilytt\u00e4\u00e4 ulkona (sateessa) tai kosteissa tiloissa. Jos huomataan pakkaukseen syntyneen kosteutta, radiaattori on irrotettava pakkauksesta heti ja annettava kuivua;<\/span><\/p>\n<p><span lang=\"LV\">Pakkasvaurioiden ehk\u00e4isemiseen on radiaattorit pidett\u00e4v\u00e4 talvikauden aikana toiminnassa, se est\u00e4\u00e4 tuotteen j\u00e4\u00e4tymisen.<\/span><\/p>\n<p><span lang=\"LV\">GTakuu raukeaa joka tapauksessa, jos radiaattori on joutunut kosketuksiin k\u00e4ytt\u00f6veden tai muun ylim\u00e4\u00e4r\u00e4isen ilmakosteuden, kemikaalien tai muiden aggressiivisten aineiden kanssa, paitsi jos valmistaja on vakuuttanut tuotteen soveltuvan k\u00e4ytett\u00e4v\u00e4ksi erityisen vaativissa k\u00e4ytt\u00f6olosuhteissa.<\/span><\/p>\n<p><span lang=\"LV\">GTakuu kattaa vain valmistajan virheelliseksi toteamissa radiaattoreissa tai komponenttien korjaus- tai vaihtotarpeen toteamisessa, mutta ei kata ty\u00f6voiman, k\u00e4sittelyn tai kuljetuksen aiheuttamia kuluja tai muita vahingonkorvauksia. Ostajalla ei ole miss\u00e4\u00e4n tapauksessa oikeutta vaatia oman toiminnan johdosta syntyneen vahingon korvaamista.<\/span><\/p>\n<p><span lang=\"LV\">Jos todetut virheet johtuvat vahingollisesta tai ostajan tai kolmansien henkil\u00f6iden suorittamasta ep\u00e4p\u00e4tev\u00e4st\u00e4 k\u00e4yt\u00f6st\u00e4 tai riitt\u00e4m\u00e4tt\u00f6m\u00e4st\u00e4 huollosta tai jos ostaja tai kolmannet henkil\u00f6t ovat korjanneet, muokanneet tai muulla tavoin muuttaneet radiaattoreita ilman valmistajan etuk\u00e4teen antamaa kirjallista suostumusta, takuu raukeaa.<\/span><\/p>\n<p><span lang=\"LV\">Jos t\u00e4h\u00e4n takuun sovelletaan lis\u00e4ehtoja, ne saattavat olla erillisen takuutodistuksen kohteena.<\/span><\/p>\n<p><strong><span lang=\"LV\">Vastuu tuotevirheist\u00e4<\/span><\/strong><\/p>\n<p>Jos sovitut maksuehdot on t\u00e4ytetty ja reklamaatio on toimitettu ajoissa, korjaamme virheet, joista on ilmoitettu kirjallisesti kirjatulla kirjeell\u00e4 tai faksin v\u00e4lityksell\u00e4 heti virheiden toteamisen j\u00e4lkeen ilman turhaa viiv\u00e4styst\u00e4, selke\u00e4ll\u00e4 ehdolla, ett\u00e4 tuote on meid\u00e4n tai meid\u00e4n edustajan k\u00e4ytett\u00e4viss\u00e4 virheen toteamisen edellytt\u00e4m\u00e4n katsastuksen suorittamista varten.<\/p>\n<p><span lang=\"LV\">T\u00e4m\u00e4 vastuu ei kata virheit\u00e4, jotka johtuvat riskin ostajalle siirtymisen j\u00e4lkeen syntyneiden olosuhteiden johdosta, vastuu raukeaa sellaisten virheiden kohdalla, jotka ovat yleisten myyntiehtojen kohdassa 9 s\u00e4\u00e4dettyjen takuuehtojen mukaisia.<\/span><\/p>\n<p><span lang=\"LV\">Jos toteamme, ett\u00e4 reklamaatio on perusteltu, ehdotamme asiakkaalle oman harkinnan mukaan tuotteen vaihtamista tai hinnan alentamista.<\/span><\/p>\n<p><span lang=\"LV\">Jos tuotetta on muokannut tai huoltanut muu kuin meid\u00e4n valtuuttaman huoltoyhti\u00f6n asiantuntija tai jos tuote on vaurioitunut tai sit\u00e4 ei ole k\u00e4ytetty k\u00e4ytt\u00f6tarkoituksen mukaisella tavalla ja meid\u00e4n antamia ohjeita laiminly\u00f6den, emme vastaa syntyneist\u00e4 virheit\u00e4 ja meill\u00e4 on oikeus kielt\u00e4yty\u00e4 virheen korjaamisesta.<\/span><\/p>\n<p><span lang=\"LV\">Meid\u00e4n velvollisuudet\/vastuu virheist\u00e4 rajoittuu vain em. ehtoihin. Me emme vastaa mist\u00e4\u00e4n suorista tai ep\u00e4suorista vaurioista, mm. toiminnasta johtuvista vaurioista, aineellisista vahingoista, saamatta j\u00e4\u00e4neest\u00e4 tuotosta tai muista sellaisista kuluista vai vahingoista.<\/span><\/p>\n<p><span lang=\"LV\">Meid\u00e4n vastuu kolmansien henkil\u00f6iden suhteen on rajoitettu ja sen johdosta on ostajan korvattava meille vahingot, jotka johtuvat e. ehdoissa s\u00e4\u00e4detyn vastuun rajojen ylitt\u00e4misest\u00e4, ostaja sitoutuu puolustamaan meit\u00e4 milt\u00e4 tahansa kolmansien henkil\u00f6iden vaatimuksilta.<\/span><\/p>\n<p><span lang=\"LV\">Me emme vastaa omaisuus- ja irtaimen omaisuuden vahingoista, jotka ovat aiheuttaneet tuotteet niiden ostajalla toimittamisen j\u00e4lkeen, t\u00e4m\u00e4 kattaa my\u00f6s, muttei pelk\u00e4st\u00e4\u00e4n, vauriot ostajan valmistamissa tuotteissa tai tuotteissa, jotka muodostavat osan ostajan valmistamista tuotteista.<\/span><\/p>\n<p><strong><span lang=\"LV\">Ostajan velvollisuudet<\/span><\/strong><\/p>\n<p>Ostaja\/tukkumyyj\u00e4 sitoutuu toimittamaan omille asiakkailleen (kuluttajat, asennusteknikot jne.) kaikki tekniset asiakirjat, jotka h\u00e4n on meilt\u00e4 saanut (mm. asennusohjeet, tekniset asiakirjat).<\/p>\n","protected":false},"excerpt":{"rendered":"<p>Yleiset takuuehdot Myymiimme radiaattoreihin p\u00e4tev\u00e4t seuraavat takuuehdot. paneeliradiaattorit: 10 vuoden takuu; kromatut pyyhekuivaimet: 3 vuoden takuu; maalatut pyyhekuivaimet: 5 vuoden takuu Takuu alkaa laskun p\u00e4iv\u00e4m\u00e4\u00e4r\u00e4st\u00e4 ja kattaa seuraavat asiat: Valmistusvirheiden aiheuttamat vuodot. Jos vuodon on aiheuttanut v\u00e4\u00e4r\u00e4 asennus ja\/tai riitt\u00e4m\u00e4t\u00f6n huolto ja\/tai v\u00e4\u00e4r\u00e4 k\u00e4ytt\u00f6, takuu raukeaa. Takuu ei kata my\u00f6sk\u00e4\u00e4n vuotoja ilmaustulpan, tiivistetuplan, venttiilien ja\/tai [&hellip;]<\/p>\n","protected":false},"author":3,"featured_media":0,"parent":1554,"menu_order":5,"comment_status":"closed","ping_status":"closed","template":"","meta":{"_acf_changed":false,"footnotes":""},"acf":[],"yoast_head":"<!-- This site is optimized with the Yoast SEO plugin v22.0 - https:\/\/yoast.com\/wordpress\/plugins\/seo\/ -->\n<title>Takuu - Termolux<\/title>\n<meta name=\"robots\" content=\"index, follow, max-snippet:-1, max-image-preview:large, max-video-preview:-1\" \/>\n<link rel=\"canonical\" href=\"https:\/\/www.termolux.ee\/fi\/yritys\/takuu\/\" \/>\n<meta property=\"og:locale\" content=\"fi_FI\" \/>\n<meta property=\"og:type\" content=\"article\" \/>\n<meta property=\"og:title\" content=\"Takuu - Termolux\" \/>\n<meta property=\"og:description\" content=\"Yleiset takuuehdot Myymiimme radiaattoreihin p\u00e4tev\u00e4t seuraavat takuuehdot. paneeliradiaattorit: 10 vuoden takuu; kromatut pyyhekuivaimet: 3 vuoden takuu; maalatut pyyhekuivaimet: 5 vuoden takuu Takuu alkaa laskun p\u00e4iv\u00e4m\u00e4\u00e4r\u00e4st\u00e4 ja kattaa seuraavat asiat: Valmistusvirheiden aiheuttamat vuodot. Jos vuodon on aiheuttanut v\u00e4\u00e4r\u00e4 asennus ja\/tai riitt\u00e4m\u00e4t\u00f6n huolto ja\/tai v\u00e4\u00e4r\u00e4 k\u00e4ytt\u00f6, takuu raukeaa. Takuu ei kata my\u00f6sk\u00e4\u00e4n vuotoja ilmaustulpan, tiivistetuplan, venttiilien ja\/tai [&hellip;]\" \/>\n<meta property=\"og:url\" content=\"https:\/\/www.termolux.ee\/fi\/yritys\/takuu\/\" \/>\n<meta property=\"og:site_name\" content=\"Termolux\" \/>\n<meta property=\"article:modified_time\" content=\"2023-10-04T07:33:34+00:00\" \/>\n<meta name=\"twitter:card\" content=\"summary_large_image\" \/>\n<meta name=\"twitter:label1\" content=\"Est. reading time\" \/>\n\t<meta name=\"twitter:data1\" content=\"6 minutes\" \/>\n<script type=\"application\/ld+json\" class=\"yoast-schema-graph\">{\"@context\":\"https:\/\/schema.org\",\"@graph\":[{\"@type\":\"WebPage\",\"@id\":\"https:\/\/www.termolux.ee\/fi\/yritys\/takuu\/\",\"url\":\"https:\/\/www.termolux.ee\/fi\/yritys\/takuu\/\",\"name\":\"Takuu - Termolux\",\"isPartOf\":{\"@id\":\"https:\/\/www.termolux.ee\/en\/#website\"},\"datePublished\":\"2017-04-26T08:36:47+00:00\",\"dateModified\":\"2023-10-04T07:33:34+00:00\",\"breadcrumb\":{\"@id\":\"https:\/\/www.termolux.ee\/fi\/yritys\/takuu\/#breadcrumb\"},\"inLanguage\":\"fi-FI\",\"potentialAction\":[{\"@type\":\"ReadAction\",\"target\":[\"https:\/\/www.termolux.ee\/fi\/yritys\/takuu\/\"]}]},{\"@type\":\"BreadcrumbList\",\"@id\":\"https:\/\/www.termolux.ee\/fi\/yritys\/takuu\/#breadcrumb\",\"itemListElement\":[{\"@type\":\"ListItem\",\"position\":1,\"name\":\"Home\",\"item\":\"https:\/\/www.termolux.ee\/fi\/\"},{\"@type\":\"ListItem\",\"position\":2,\"name\":\"Yritys\",\"item\":\"https:\/\/www.termolux.ee\/fi\/yritys\/\"},{\"@type\":\"ListItem\",\"position\":3,\"name\":\"Takuu\"}]},{\"@type\":\"WebSite\",\"@id\":\"https:\/\/www.termolux.ee\/en\/#website\",\"url\":\"https:\/\/www.termolux.ee\/en\/\",\"name\":\"Termolux\",\"description\":\"Just another WordPress site\",\"potentialAction\":[{\"@type\":\"SearchAction\",\"target\":{\"@type\":\"EntryPoint\",\"urlTemplate\":\"https:\/\/www.termolux.ee\/en\/?s={search_term_string}\"},\"query-input\":\"required name=search_term_string\"}],\"inLanguage\":\"fi-FI\"}]}<\/script>\n<!-- \/ Yoast SEO plugin. -->","yoast_head_json":{"title":"Takuu - Termolux","robots":{"index":"index","follow":"follow","max-snippet":"max-snippet:-1","max-image-preview":"max-image-preview:large","max-video-preview":"max-video-preview:-1"},"canonical":"https:\/\/www.termolux.ee\/fi\/yritys\/takuu\/","og_locale":"fi_FI","og_type":"article","og_title":"Takuu - Termolux","og_description":"Yleiset takuuehdot Myymiimme radiaattoreihin p\u00e4tev\u00e4t seuraavat takuuehdot. paneeliradiaattorit: 10 vuoden takuu; kromatut pyyhekuivaimet: 3 vuoden takuu; maalatut pyyhekuivaimet: 5 vuoden takuu Takuu alkaa laskun p\u00e4iv\u00e4m\u00e4\u00e4r\u00e4st\u00e4 ja kattaa seuraavat asiat: Valmistusvirheiden aiheuttamat vuodot. Jos vuodon on aiheuttanut v\u00e4\u00e4r\u00e4 asennus ja\/tai riitt\u00e4m\u00e4t\u00f6n huolto ja\/tai v\u00e4\u00e4r\u00e4 k\u00e4ytt\u00f6, takuu raukeaa. Takuu ei kata my\u00f6sk\u00e4\u00e4n vuotoja ilmaustulpan, tiivistetuplan, venttiilien ja\/tai [&hellip;]","og_url":"https:\/\/www.termolux.ee\/fi\/yritys\/takuu\/","og_site_name":"Termolux","article_modified_time":"2023-10-04T07:33:34+00:00","twitter_card":"summary_large_image","twitter_misc":{"Est. reading time":"6 minutes"},"schema":{"@context":"https:\/\/schema.org","@graph":[{"@type":"WebPage","@id":"https:\/\/www.termolux.ee\/fi\/yritys\/takuu\/","url":"https:\/\/www.termolux.ee\/fi\/yritys\/takuu\/","name":"Takuu - Termolux","isPartOf":{"@id":"https:\/\/www.termolux.ee\/en\/#website"},"datePublished":"2017-04-26T08:36:47+00:00","dateModified":"2023-10-04T07:33:34+00:00","breadcrumb":{"@id":"https:\/\/www.termolux.ee\/fi\/yritys\/takuu\/#breadcrumb"},"inLanguage":"fi-FI","potentialAction":[{"@type":"ReadAction","target":["https:\/\/www.termolux.ee\/fi\/yritys\/takuu\/"]}]},{"@type":"BreadcrumbList","@id":"https:\/\/www.termolux.ee\/fi\/yritys\/takuu\/#breadcrumb","itemListElement":[{"@type":"ListItem","position":1,"name":"Home","item":"https:\/\/www.termolux.ee\/fi\/"},{"@type":"ListItem","position":2,"name":"Yritys","item":"https:\/\/www.termolux.ee\/fi\/yritys\/"},{"@type":"ListItem","position":3,"name":"Takuu"}]},{"@type":"WebSite","@id":"https:\/\/www.termolux.ee\/en\/#website","url":"https:\/\/www.termolux.ee\/en\/","name":"Termolux","description":"Just another WordPress site","potentialAction":[{"@type":"SearchAction","target":{"@type":"EntryPoint","urlTemplate":"https:\/\/www.termolux.ee\/en\/?s={search_term_string}"},"query-input":"required name=search_term_string"}],"inLanguage":"fi-FI"}]}},"_links":{"self":[{"href":"https:\/\/www.termolux.ee\/fi\/wp-json\/wp\/v2\/pages\/1558"}],"collection":[{"href":"https:\/\/www.termolux.ee\/fi\/wp-json\/wp\/v2\/pages"}],"about":[{"href":"https:\/\/www.termolux.ee\/fi\/wp-json\/wp\/v2\/types\/page"}],"author":[{"embeddable":true,"href":"https:\/\/www.termolux.ee\/fi\/wp-json\/wp\/v2\/users\/3"}],"replies":[{"embeddable":true,"href":"https:\/\/www.termolux.ee\/fi\/wp-json\/wp\/v2\/comments?post=1558"}],"version-history":[{"count":2,"href":"https:\/\/www.termolux.ee\/fi\/wp-json\/wp\/v2\/pages\/1558\/revisions"}],"predecessor-version":[{"id":186053,"href":"https:\/\/www.termolux.ee\/fi\/wp-json\/wp\/v2\/pages\/1558\/revisions\/186053"}],"up":[{"embeddable":true,"href":"https:\/\/www.termolux.ee\/fi\/wp-json\/wp\/v2\/pages\/1554"}],"wp:attachment":[{"href":"https:\/\/www.termolux.ee\/fi\/wp-json\/wp\/v2\/media?parent=1558"}],"curies":[{"name":"wp","href":"https:\/\/api.w.org\/{rel}","templated":true}]}}