{"id":1569,"date":"2017-04-26T11:38:59","date_gmt":"2017-04-26T08:38:59","guid":{"rendered":"http:\/\/www.termolux.ee\/yritys\/meista\/"},"modified":"2024-02-26T09:17:33","modified_gmt":"2024-02-26T06:17:33","slug":"meista","status":"publish","type":"page","link":"https:\/\/www.termolux.ee\/fi\/yritys\/meista\/","title":{"rendered":"Meist\u00e4"},"content":{"rendered":"<h1><img loading=\"lazy\" decoding=\"async\" class=\"size-full wp-image-186089 alignnone\" src=\"https:\/\/www.termolux.ee\/wp-content\/uploads\/2024\/02\/stelrad.png\" alt=\"\" width=\"170\" height=\"50\" \/><\/h1>\n<h1><span style=\"color: #cc0000;\"><strong>Stelrad Group<\/strong><\/span><\/h1>\n<p><strong>Stelrad <\/strong>on johtava l\u00e4mmityspattereiden val\u00admistaja ja jakelija Iso-Britanniassa, Euroopas\u00adsa ja Turkissa. Tarjoamme laajan valikoiman vakio- ja premium-luokan l\u00e4mmityspattereita, matalan pintal\u00e4mp\u00f6tilan pattereita, pyyhe\u00adkuivamia, koristeellisia ter\u00e4s\u00adputkipattereita ja muita ter\u00e4ksisi\u00e4 pylv\u00e4s\u00adpattereita.<\/p>\n<p>Konsernin p\u00e4\u00e4konttori sijaitsee Iso-Britanniassa, ja olemme olleet johtava tavarantoimittaja Euroopassa jo yli 20 vuoden ajan. Meill\u00e4 on tuotanto- ja jakelutoimipaikkoja Iso-Britanniassa, Alankomaissa, Turkissa ja Italiassa sek\u00e4 j\u00e4lleen\u00admyyntipisteit\u00e4 Puolassa, Tanskassa ja Virossa. Myyntihenkil\u00f6st\u00f6\u00e4 meill\u00e4 on lis\u00e4ksi seitsem\u00e4ss\u00e4 muussa maassa, mukaan lukien Kiinassa.<\/p>\n<ul>\n<li>Eniten myytyj\u00e4 l\u00e4mmityspattereita Euroopassa<\/li>\n<li>Suurin l\u00e4mmityspatterivalmistaja<br \/>\nIso-Britanniassa<\/li>\n<li>Ykk\u00f6svalinta monissa Euroopan maissa<\/li>\n<li>Noteerattu Lontoon p\u00f6rssiss\u00e4<\/li>\n<li>Keskitetty tutkimus- ja kehitystoiminta Belgiassa<\/li>\n<\/ul>\n<p><strong>Termoteknik<\/strong> on Stelrad Group plc:n tyt\u00e4ryhti\u00f6, ja sen tuotantokapasiteetti on 4,5 miljoonaa metri\u00e4 vuodessa 50 000 m\u00b2:n tuotantolaitoksessa, mik\u00e4 tekee siit\u00e4 maailman suurimman l\u00e4mmityspatteri\u00advalmistajan.<br \/>\nTermoteknik vie puolen vuosisadan kokemuksel\u00adlaan tuotteita kattavasti yli 50 maahan.<\/p>\n<p><strong>Termolux on Termoteknikin premium-tuote\u00admerkki<\/strong><\/p>\n","protected":false},"excerpt":{"rendered":"<p>Stelrad Group Stelrad on johtava l\u00e4mmityspattereiden val\u00admistaja ja jakelija Iso-Britanniassa, Euroopas\u00adsa ja Turkissa. Tarjoamme laajan valikoiman vakio- ja premium-luokan l\u00e4mmityspattereita, matalan pintal\u00e4mp\u00f6tilan pattereita, pyyhe\u00adkuivamia, koristeellisia ter\u00e4s\u00adputkipattereita ja muita ter\u00e4ksisi\u00e4 pylv\u00e4s\u00adpattereita. Konsernin p\u00e4\u00e4konttori sijaitsee Iso-Britanniassa, ja olemme olleet johtava tavarantoimittaja Euroopassa jo yli 20 vuoden ajan. Meill\u00e4 on tuotanto- ja jakelutoimipaikkoja Iso-Britanniassa, Alankomaissa, Turkissa ja Italiassa [&hellip;]<\/p>\n","protected":false},"author":3,"featured_media":0,"parent":1554,"menu_order":1,"comment_status":"closed","ping_status":"closed","template":"","meta":{"_acf_changed":false,"footnotes":""},"acf":[],"yoast_head":"<!-- This site is optimized with the Yoast SEO plugin v22.0 - https:\/\/yoast.com\/wordpress\/plugins\/seo\/ -->\n<title>Meist\u00e4 - Termolux<\/title>\n<meta name=\"robots\" content=\"index, follow, max-snippet:-1, max-image-preview:large, max-video-preview:-1\" \/>\n<link rel=\"canonical\" href=\"https:\/\/www.termolux.ee\/fi\/yritys\/meista\/\" \/>\n<meta property=\"og:locale\" content=\"fi_FI\" \/>\n<meta property=\"og:type\" content=\"article\" \/>\n<meta property=\"og:title\" content=\"Meist\u00e4 - Termolux\" \/>\n<meta property=\"og:description\" content=\"Stelrad Group Stelrad on johtava l\u00e4mmityspattereiden val\u00admistaja ja jakelija Iso-Britanniassa, Euroopas\u00adsa ja Turkissa. Tarjoamme laajan valikoiman vakio- ja premium-luokan l\u00e4mmityspattereita, matalan pintal\u00e4mp\u00f6tilan pattereita, pyyhe\u00adkuivamia, koristeellisia ter\u00e4s\u00adputkipattereita ja muita ter\u00e4ksisi\u00e4 pylv\u00e4s\u00adpattereita. Konsernin p\u00e4\u00e4konttori sijaitsee Iso-Britanniassa, ja olemme olleet johtava tavarantoimittaja Euroopassa jo yli 20 vuoden ajan. Meill\u00e4 on tuotanto- ja jakelutoimipaikkoja Iso-Britanniassa, Alankomaissa, Turkissa ja Italiassa [&hellip;]\" \/>\n<meta property=\"og:url\" content=\"https:\/\/www.termolux.ee\/fi\/yritys\/meista\/\" \/>\n<meta property=\"og:site_name\" content=\"Termolux\" \/>\n<meta property=\"article:modified_time\" content=\"2024-02-26T06:17:33+00:00\" \/>\n<meta property=\"og:image\" content=\"https:\/\/www.termolux.ee\/wp-content\/uploads\/2024\/02\/stelrad.png\" \/>\n<meta name=\"twitter:card\" content=\"summary_large_image\" \/>\n<meta name=\"twitter:label1\" content=\"Est. reading time\" \/>\n\t<meta name=\"twitter:data1\" content=\"1 minute\" \/>\n<script type=\"application\/ld+json\" class=\"yoast-schema-graph\">{\"@context\":\"https:\/\/schema.org\",\"@graph\":[{\"@type\":\"WebPage\",\"@id\":\"https:\/\/www.termolux.ee\/fi\/yritys\/meista\/\",\"url\":\"https:\/\/www.termolux.ee\/fi\/yritys\/meista\/\",\"name\":\"Meist\u00e4 - Termolux\",\"isPartOf\":{\"@id\":\"https:\/\/www.termolux.ee\/en\/#website\"},\"datePublished\":\"2017-04-26T08:38:59+00:00\",\"dateModified\":\"2024-02-26T06:17:33+00:00\",\"breadcrumb\":{\"@id\":\"https:\/\/www.termolux.ee\/fi\/yritys\/meista\/#breadcrumb\"},\"inLanguage\":\"fi-FI\",\"potentialAction\":[{\"@type\":\"ReadAction\",\"target\":[\"https:\/\/www.termolux.ee\/fi\/yritys\/meista\/\"]}]},{\"@type\":\"BreadcrumbList\",\"@id\":\"https:\/\/www.termolux.ee\/fi\/yritys\/meista\/#breadcrumb\",\"itemListElement\":[{\"@type\":\"ListItem\",\"position\":1,\"name\":\"Home\",\"item\":\"https:\/\/www.termolux.ee\/fi\/\"},{\"@type\":\"ListItem\",\"position\":2,\"name\":\"Yritys\",\"item\":\"https:\/\/www.termolux.ee\/fi\/yritys\/\"},{\"@type\":\"ListItem\",\"position\":3,\"name\":\"Meist\u00e4\"}]},{\"@type\":\"WebSite\",\"@id\":\"https:\/\/www.termolux.ee\/en\/#website\",\"url\":\"https:\/\/www.termolux.ee\/en\/\",\"name\":\"Termolux\",\"description\":\"Just another WordPress site\",\"potentialAction\":[{\"@type\":\"SearchAction\",\"target\":{\"@type\":\"EntryPoint\",\"urlTemplate\":\"https:\/\/www.termolux.ee\/en\/?s={search_term_string}\"},\"query-input\":\"required name=search_term_string\"}],\"inLanguage\":\"fi-FI\"}]}<\/script>\n<!-- \/ Yoast SEO plugin. -->","yoast_head_json":{"title":"Meist\u00e4 - Termolux","robots":{"index":"index","follow":"follow","max-snippet":"max-snippet:-1","max-image-preview":"max-image-preview:large","max-video-preview":"max-video-preview:-1"},"canonical":"https:\/\/www.termolux.ee\/fi\/yritys\/meista\/","og_locale":"fi_FI","og_type":"article","og_title":"Meist\u00e4 - Termolux","og_description":"Stelrad Group Stelrad on johtava l\u00e4mmityspattereiden val\u00admistaja ja jakelija Iso-Britanniassa, Euroopas\u00adsa ja Turkissa. Tarjoamme laajan valikoiman vakio- ja premium-luokan l\u00e4mmityspattereita, matalan pintal\u00e4mp\u00f6tilan pattereita, pyyhe\u00adkuivamia, koristeellisia ter\u00e4s\u00adputkipattereita ja muita ter\u00e4ksisi\u00e4 pylv\u00e4s\u00adpattereita. Konsernin p\u00e4\u00e4konttori sijaitsee Iso-Britanniassa, ja olemme olleet johtava tavarantoimittaja Euroopassa jo yli 20 vuoden ajan. Meill\u00e4 on tuotanto- ja jakelutoimipaikkoja Iso-Britanniassa, Alankomaissa, Turkissa ja Italiassa [&hellip;]","og_url":"https:\/\/www.termolux.ee\/fi\/yritys\/meista\/","og_site_name":"Termolux","article_modified_time":"2024-02-26T06:17:33+00:00","og_image":[{"url":"https:\/\/www.termolux.ee\/wp-content\/uploads\/2024\/02\/stelrad.png"}],"twitter_card":"summary_large_image","twitter_misc":{"Est. reading time":"1 minute"},"schema":{"@context":"https:\/\/schema.org","@graph":[{"@type":"WebPage","@id":"https:\/\/www.termolux.ee\/fi\/yritys\/meista\/","url":"https:\/\/www.termolux.ee\/fi\/yritys\/meista\/","name":"Meist\u00e4 - Termolux","isPartOf":{"@id":"https:\/\/www.termolux.ee\/en\/#website"},"datePublished":"2017-04-26T08:38:59+00:00","dateModified":"2024-02-26T06:17:33+00:00","breadcrumb":{"@id":"https:\/\/www.termolux.ee\/fi\/yritys\/meista\/#breadcrumb"},"inLanguage":"fi-FI","potentialAction":[{"@type":"ReadAction","target":["https:\/\/www.termolux.ee\/fi\/yritys\/meista\/"]}]},{"@type":"BreadcrumbList","@id":"https:\/\/www.termolux.ee\/fi\/yritys\/meista\/#breadcrumb","itemListElement":[{"@type":"ListItem","position":1,"name":"Home","item":"https:\/\/www.termolux.ee\/fi\/"},{"@type":"ListItem","position":2,"name":"Yritys","item":"https:\/\/www.termolux.ee\/fi\/yritys\/"},{"@type":"ListItem","position":3,"name":"Meist\u00e4"}]},{"@type":"WebSite","@id":"https:\/\/www.termolux.ee\/en\/#website","url":"https:\/\/www.termolux.ee\/en\/","name":"Termolux","description":"Just another WordPress site","potentialAction":[{"@type":"SearchAction","target":{"@type":"EntryPoint","urlTemplate":"https:\/\/www.termolux.ee\/en\/?s={search_term_string}"},"query-input":"required name=search_term_string"}],"inLanguage":"fi-FI"}]}},"_links":{"self":[{"href":"https:\/\/www.termolux.ee\/fi\/wp-json\/wp\/v2\/pages\/1569"}],"collection":[{"href":"https:\/\/www.termolux.ee\/fi\/wp-json\/wp\/v2\/pages"}],"about":[{"href":"https:\/\/www.termolux.ee\/fi\/wp-json\/wp\/v2\/types\/page"}],"author":[{"embeddable":true,"href":"https:\/\/www.termolux.ee\/fi\/wp-json\/wp\/v2\/users\/3"}],"replies":[{"embeddable":true,"href":"https:\/\/www.termolux.ee\/fi\/wp-json\/wp\/v2\/comments?post=1569"}],"version-history":[{"count":2,"href":"https:\/\/www.termolux.ee\/fi\/wp-json\/wp\/v2\/pages\/1569\/revisions"}],"predecessor-version":[{"id":186091,"href":"https:\/\/www.termolux.ee\/fi\/wp-json\/wp\/v2\/pages\/1569\/revisions\/186091"}],"up":[{"embeddable":true,"href":"https:\/\/www.termolux.ee\/fi\/wp-json\/wp\/v2\/pages\/1554"}],"wp:attachment":[{"href":"https:\/\/www.termolux.ee\/fi\/wp-json\/wp\/v2\/media?parent=1569"}],"curies":[{"name":"wp","href":"https:\/\/api.w.org\/{rel}","templated":true}]}}