{"id":1730,"date":"2017-05-04T09:47:40","date_gmt":"2017-05-04T06:47:40","guid":{"rendered":"http:\/\/www.termolux.ee\/yritys\/ymparistopolitiikka\/"},"modified":"2017-05-04T09:49:11","modified_gmt":"2017-05-04T06:49:11","slug":"ymparistopolitiikka","status":"publish","type":"page","link":"https:\/\/www.termolux.ee\/fi\/yritys\/ymparistopolitiikka\/","title":{"rendered":"Ymp\u00e4rist\u00f6politiikka"},"content":{"rendered":"<h1>Ymp\u00e4rist\u00f6politiikka<\/h1>\n<ul>\n<li>Yritys noudattaa asianmukaisella lains\u00e4\u00e4d\u00e4nn\u00f6ll\u00e4 ja asetuksilla voimaan saatettuja standardeja ja varmistaa vaatimusten jatkuvan t\u00e4ytt\u00e4misen.<\/li>\n<li>Yritys varmistaa jatkuvan ja mitattavissa olevan kehityksen kaikissa ymp\u00e4rist\u00f6\u00f6n liittyvill\u00e4 asioissa.<\/li>\n<li>Yritys v\u00e4hent\u00e4\u00e4 luonnonvarojen k\u00e4ytt\u00f6\u00e4 ja suosii erityisesti sellaista k\u00e4ytt\u00f6\u00e4, joka mahdollistaa materiaalien kierr\u00e4tyksen ja uusiok\u00e4yt\u00f6n.<\/li>\n<li>Yritys analysoi kaikessa toiminnassaan erilaisiin toimiin liittyvi\u00e4 ymp\u00e4rist\u00f6vaikutuksia ja tekee tarpeellisiksi katsomiaan investointeja, jotta ymp\u00e4rist\u00f6vaikutukset olisivat minimiss\u00e4\u00e4n.<\/li>\n<li>Yritys kehitt\u00e4\u00e4 erilaisia menetelmi\u00e4, joilla ennakoidaan ja pyrit\u00e4\u00e4n v\u00e4hent\u00e4m\u00e4\u00e4n erilaisia h\u00e4t\u00e4tilanteiden aiheuttamia vaaroja.<\/li>\n<li>Yritys tarjoaa koko henkil\u00f6kunnalleen ymp\u00e4rist\u00f6alan koulutuksia.<\/li>\n<li>Yritys t\u00e4ytt\u00e4\u00e4 n\u00e4iden periaatteiden pohjalta kaikki ymp\u00e4rist\u00f6ohjausj\u00e4rjestelmi\u00e4 kattavan standardin ISO 14001 asettamat vaatimukset ja varmistaa asianmukaisen kehityksen.<\/li>\n<li>Yritys neuvoo kaikkia kolmansia henkil\u00f6it\u00e4, mm. kuluttajia ja j\u00e4lleenmyyji\u00e4 sek\u00e4 kannustaa heit\u00e4 ymp\u00e4rist\u00f6standardien noudattamiseen.<\/li>\n<\/ul>\n<p>Yrityksen Termo Teknik hallitus valvoo jatkuvasti yrityksen ymp\u00e4rist\u00f6politiikan noudattamista ja asetettujen tavoitteiden saavuttamista.<\/p>\n","protected":false},"excerpt":{"rendered":"<p>Ymp\u00e4rist\u00f6politiikka Yritys noudattaa asianmukaisella lains\u00e4\u00e4d\u00e4nn\u00f6ll\u00e4 ja asetuksilla voimaan saatettuja standardeja ja varmistaa vaatimusten jatkuvan t\u00e4ytt\u00e4misen. Yritys varmistaa jatkuvan ja mitattavissa olevan kehityksen kaikissa ymp\u00e4rist\u00f6\u00f6n liittyvill\u00e4 asioissa. Yritys v\u00e4hent\u00e4\u00e4 luonnonvarojen k\u00e4ytt\u00f6\u00e4 ja suosii erityisesti sellaista k\u00e4ytt\u00f6\u00e4, joka mahdollistaa materiaalien kierr\u00e4tyksen ja uusiok\u00e4yt\u00f6n. Yritys analysoi kaikessa toiminnassaan erilaisiin toimiin liittyvi\u00e4 ymp\u00e4rist\u00f6vaikutuksia ja tekee tarpeellisiksi katsomiaan investointeja, jotta [&hellip;]<\/p>\n","protected":false},"author":3,"featured_media":0,"parent":1554,"menu_order":2,"comment_status":"closed","ping_status":"closed","template":"","meta":{"_acf_changed":false,"footnotes":""},"acf":[],"yoast_head":"<!-- This site is optimized with the Yoast SEO plugin v22.0 - https:\/\/yoast.com\/wordpress\/plugins\/seo\/ -->\n<title>Ymp\u00e4rist\u00f6politiikka - Termolux<\/title>\n<meta name=\"robots\" content=\"index, follow, max-snippet:-1, max-image-preview:large, max-video-preview:-1\" \/>\n<link rel=\"canonical\" href=\"https:\/\/www.termolux.ee\/fi\/yritys\/ymparistopolitiikka\/\" \/>\n<meta property=\"og:locale\" content=\"fi_FI\" \/>\n<meta property=\"og:type\" content=\"article\" \/>\n<meta property=\"og:title\" content=\"Ymp\u00e4rist\u00f6politiikka - Termolux\" \/>\n<meta property=\"og:description\" content=\"Ymp\u00e4rist\u00f6politiikka Yritys noudattaa asianmukaisella lains\u00e4\u00e4d\u00e4nn\u00f6ll\u00e4 ja asetuksilla voimaan saatettuja standardeja ja varmistaa vaatimusten jatkuvan t\u00e4ytt\u00e4misen. Yritys varmistaa jatkuvan ja mitattavissa olevan kehityksen kaikissa ymp\u00e4rist\u00f6\u00f6n liittyvill\u00e4 asioissa. Yritys v\u00e4hent\u00e4\u00e4 luonnonvarojen k\u00e4ytt\u00f6\u00e4 ja suosii erityisesti sellaista k\u00e4ytt\u00f6\u00e4, joka mahdollistaa materiaalien kierr\u00e4tyksen ja uusiok\u00e4yt\u00f6n. Yritys analysoi kaikessa toiminnassaan erilaisiin toimiin liittyvi\u00e4 ymp\u00e4rist\u00f6vaikutuksia ja tekee tarpeellisiksi katsomiaan investointeja, jotta [&hellip;]\" \/>\n<meta property=\"og:url\" content=\"https:\/\/www.termolux.ee\/fi\/yritys\/ymparistopolitiikka\/\" \/>\n<meta property=\"og:site_name\" content=\"Termolux\" \/>\n<meta property=\"article:modified_time\" content=\"2017-05-04T06:49:11+00:00\" \/>\n<meta name=\"twitter:card\" content=\"summary_large_image\" \/>\n<meta name=\"twitter:label1\" content=\"Est. reading time\" \/>\n\t<meta name=\"twitter:data1\" content=\"1 minute\" \/>\n<script type=\"application\/ld+json\" class=\"yoast-schema-graph\">{\"@context\":\"https:\/\/schema.org\",\"@graph\":[{\"@type\":\"WebPage\",\"@id\":\"https:\/\/www.termolux.ee\/fi\/yritys\/ymparistopolitiikka\/\",\"url\":\"https:\/\/www.termolux.ee\/fi\/yritys\/ymparistopolitiikka\/\",\"name\":\"Ymp\u00e4rist\u00f6politiikka - Termolux\",\"isPartOf\":{\"@id\":\"https:\/\/www.termolux.ee\/en\/#website\"},\"datePublished\":\"2017-05-04T06:47:40+00:00\",\"dateModified\":\"2017-05-04T06:49:11+00:00\",\"breadcrumb\":{\"@id\":\"https:\/\/www.termolux.ee\/fi\/yritys\/ymparistopolitiikka\/#breadcrumb\"},\"inLanguage\":\"fi-FI\",\"potentialAction\":[{\"@type\":\"ReadAction\",\"target\":[\"https:\/\/www.termolux.ee\/fi\/yritys\/ymparistopolitiikka\/\"]}]},{\"@type\":\"BreadcrumbList\",\"@id\":\"https:\/\/www.termolux.ee\/fi\/yritys\/ymparistopolitiikka\/#breadcrumb\",\"itemListElement\":[{\"@type\":\"ListItem\",\"position\":1,\"name\":\"Home\",\"item\":\"https:\/\/www.termolux.ee\/fi\/\"},{\"@type\":\"ListItem\",\"position\":2,\"name\":\"Yritys\",\"item\":\"https:\/\/www.termolux.ee\/fi\/yritys\/\"},{\"@type\":\"ListItem\",\"position\":3,\"name\":\"Ymp\u00e4rist\u00f6politiikka\"}]},{\"@type\":\"WebSite\",\"@id\":\"https:\/\/www.termolux.ee\/en\/#website\",\"url\":\"https:\/\/www.termolux.ee\/en\/\",\"name\":\"Termolux\",\"description\":\"Just another WordPress site\",\"potentialAction\":[{\"@type\":\"SearchAction\",\"target\":{\"@type\":\"EntryPoint\",\"urlTemplate\":\"https:\/\/www.termolux.ee\/en\/?s={search_term_string}\"},\"query-input\":\"required name=search_term_string\"}],\"inLanguage\":\"fi-FI\"}]}<\/script>\n<!-- \/ Yoast SEO plugin. -->","yoast_head_json":{"title":"Ymp\u00e4rist\u00f6politiikka - Termolux","robots":{"index":"index","follow":"follow","max-snippet":"max-snippet:-1","max-image-preview":"max-image-preview:large","max-video-preview":"max-video-preview:-1"},"canonical":"https:\/\/www.termolux.ee\/fi\/yritys\/ymparistopolitiikka\/","og_locale":"fi_FI","og_type":"article","og_title":"Ymp\u00e4rist\u00f6politiikka - Termolux","og_description":"Ymp\u00e4rist\u00f6politiikka Yritys noudattaa asianmukaisella lains\u00e4\u00e4d\u00e4nn\u00f6ll\u00e4 ja asetuksilla voimaan saatettuja standardeja ja varmistaa vaatimusten jatkuvan t\u00e4ytt\u00e4misen. Yritys varmistaa jatkuvan ja mitattavissa olevan kehityksen kaikissa ymp\u00e4rist\u00f6\u00f6n liittyvill\u00e4 asioissa. Yritys v\u00e4hent\u00e4\u00e4 luonnonvarojen k\u00e4ytt\u00f6\u00e4 ja suosii erityisesti sellaista k\u00e4ytt\u00f6\u00e4, joka mahdollistaa materiaalien kierr\u00e4tyksen ja uusiok\u00e4yt\u00f6n. Yritys analysoi kaikessa toiminnassaan erilaisiin toimiin liittyvi\u00e4 ymp\u00e4rist\u00f6vaikutuksia ja tekee tarpeellisiksi katsomiaan investointeja, jotta [&hellip;]","og_url":"https:\/\/www.termolux.ee\/fi\/yritys\/ymparistopolitiikka\/","og_site_name":"Termolux","article_modified_time":"2017-05-04T06:49:11+00:00","twitter_card":"summary_large_image","twitter_misc":{"Est. reading time":"1 minute"},"schema":{"@context":"https:\/\/schema.org","@graph":[{"@type":"WebPage","@id":"https:\/\/www.termolux.ee\/fi\/yritys\/ymparistopolitiikka\/","url":"https:\/\/www.termolux.ee\/fi\/yritys\/ymparistopolitiikka\/","name":"Ymp\u00e4rist\u00f6politiikka - Termolux","isPartOf":{"@id":"https:\/\/www.termolux.ee\/en\/#website"},"datePublished":"2017-05-04T06:47:40+00:00","dateModified":"2017-05-04T06:49:11+00:00","breadcrumb":{"@id":"https:\/\/www.termolux.ee\/fi\/yritys\/ymparistopolitiikka\/#breadcrumb"},"inLanguage":"fi-FI","potentialAction":[{"@type":"ReadAction","target":["https:\/\/www.termolux.ee\/fi\/yritys\/ymparistopolitiikka\/"]}]},{"@type":"BreadcrumbList","@id":"https:\/\/www.termolux.ee\/fi\/yritys\/ymparistopolitiikka\/#breadcrumb","itemListElement":[{"@type":"ListItem","position":1,"name":"Home","item":"https:\/\/www.termolux.ee\/fi\/"},{"@type":"ListItem","position":2,"name":"Yritys","item":"https:\/\/www.termolux.ee\/fi\/yritys\/"},{"@type":"ListItem","position":3,"name":"Ymp\u00e4rist\u00f6politiikka"}]},{"@type":"WebSite","@id":"https:\/\/www.termolux.ee\/en\/#website","url":"https:\/\/www.termolux.ee\/en\/","name":"Termolux","description":"Just another WordPress site","potentialAction":[{"@type":"SearchAction","target":{"@type":"EntryPoint","urlTemplate":"https:\/\/www.termolux.ee\/en\/?s={search_term_string}"},"query-input":"required name=search_term_string"}],"inLanguage":"fi-FI"}]}},"_links":{"self":[{"href":"https:\/\/www.termolux.ee\/fi\/wp-json\/wp\/v2\/pages\/1730"}],"collection":[{"href":"https:\/\/www.termolux.ee\/fi\/wp-json\/wp\/v2\/pages"}],"about":[{"href":"https:\/\/www.termolux.ee\/fi\/wp-json\/wp\/v2\/types\/page"}],"author":[{"embeddable":true,"href":"https:\/\/www.termolux.ee\/fi\/wp-json\/wp\/v2\/users\/3"}],"replies":[{"embeddable":true,"href":"https:\/\/www.termolux.ee\/fi\/wp-json\/wp\/v2\/comments?post=1730"}],"version-history":[{"count":1,"href":"https:\/\/www.termolux.ee\/fi\/wp-json\/wp\/v2\/pages\/1730\/revisions"}],"predecessor-version":[{"id":1731,"href":"https:\/\/www.termolux.ee\/fi\/wp-json\/wp\/v2\/pages\/1730\/revisions\/1731"}],"up":[{"embeddable":true,"href":"https:\/\/www.termolux.ee\/fi\/wp-json\/wp\/v2\/pages\/1554"}],"wp:attachment":[{"href":"https:\/\/www.termolux.ee\/fi\/wp-json\/wp\/v2\/media?parent=1730"}],"curies":[{"name":"wp","href":"https:\/\/api.w.org\/{rel}","templated":true}]}}